{"id":12,"date":"2014-02-13T13:49:52","date_gmt":"2014-02-13T13:49:52","guid":{"rendered":"http:\/\/kiegyensulyoz.hu\/kiegyensulyozas\/?page_id=12"},"modified":"2025-09-10T11:15:17","modified_gmt":"2025-09-10T11:15:17","slug":"termekeink-2","status":"publish","type":"page","link":"https:\/\/kiegyensulyoz.hu\/kiegyensulyozas\/termekeink-2\/","title":{"rendered":"Kiegyens\u00falyoz\u00f3 g\u00e9pek"},"content":{"rendered":"\n<p>T\u00f6bb mint 2 \u00e9vtizedig, c\u00e9g\u00fcnk f\u0151 profilja kiegyens\u00falyoz\u00f3 g\u00e9pek fejleszt\u00e9se, gy\u00e1rt\u00e1sa \u00e9s korszer\u0171s\u00edt\u00e9se volt. Az elm\u00falt \u00e9vek piaci folyamatai \u00e9s egy\u00e9b okok miatt jelenleg kevesebb g\u00e9pet gy\u00e1rtunk, mint kor\u00e1bban. Rakt\u00e1ron lev\u0151 k\u00e9sz vagy f\u00e9lk\u00e9sz g\u00e9pekb\u0151l m\u00e9g tudunk egy-egy darabot \u00e9rt\u00e9kes\u00edteni.<\/p>\n\n\n\n<p>Egyedi ig\u00e9nyekre speci\u00e1lis kiegyens\u00falyoz\u00f3 g\u00e9p vagy kiegyens\u00falyoz\u00f3 g\u00e9p m\u00e9r\u0151bakjainak gy\u00e1rt\u00e1s\u00e1t korl\u00e1tozottan m\u00e9g tudjuk v\u00e1llalni. Az \u00e1ltalunk gy\u00e1rtott kiegyens\u00falyoz\u00f3 g\u00e9peinken egyedi vagy kis sorozat\u00fa alkatr\u00e9szeket nagyon nagy pontoss\u00e1ggal lehet kiegyens\u00falyozni, emiatt k\u00fcl\u00f6n\u00f6sen alkalmasak magas fordulatsz\u00e1mon m\u0171k\u00f6d\u0151 forg\u00f3r\u00e9szek kiegyens\u00falyoz\u00e1s\u00e1ra. A kiegyens\u00falyoz\u00f3 g\u00e9pek t\u00f6bb m\u00e9retben, els\u0151sorban sz\u00edjhajt\u00e1ssal k\u00e9sz\u00fcltek. A legkisebben (Unibalance-2) m\u00e1r n\u00e9h\u00e1ny grammos alkatr\u00e9sz is kiegyens\u00falyozhat\u00f3, a legnagyobb kiegyens\u00falyoz\u00f3 g\u00e9p 10 tonna forg\u00f3r\u00e9sz t\u00f6megig haszn\u00e1lhat\u00f3.<\/p>\n\n\n\n<figure class=\"wp-block-image alignnone\"><a href=\"https:\/\/kiegyensulyoz.hu\/kiegyensulyozas\/wp-content\/uploads\/2020\/03\/bkv_vontato_motor_kiegyensulyozo_celgep.jpeg\"><img loading=\"lazy\" decoding=\"async\" width=\"300\" height=\"225\" src=\"https:\/\/kiegyensulyoz.hu\/kiegyensulyozas\/wp-content\/uploads\/2020\/03\/bkv_vontato_motor_kiegyensulyozo_celgep-300x225.jpeg\" alt=\"bkv_vontato_motor_kiegyensulyozo_celgep.jpeg\" class=\"wp-image-401\" srcset=\"https:\/\/kiegyensulyoz.hu\/kiegyensulyozas\/wp-content\/uploads\/2020\/03\/bkv_vontato_motor_kiegyensulyozo_celgep-300x225.jpeg 300w, https:\/\/kiegyensulyoz.hu\/kiegyensulyozas\/wp-content\/uploads\/2020\/03\/bkv_vontato_motor_kiegyensulyozo_celgep.jpeg 600w\" sizes=\"auto, (max-width: 300px) 100vw, 300px\" \/><\/a><figcaption class=\"wp-element-caption\">BKV vontat\u00f3 motor kiegyens\u00falyoz\u00f3 c\u00e9lg\u00e9p<\/figcaption><\/figure>\n\n\n\n<p>R\u00e9gi, elfekv\u0151 kiegyens\u00falyoz\u00f3 g\u00e9peket vesz\u00fcnk! Az \u00e1ltalunk r\u00e9gebben gy\u00e1rtott kiegyens\u00falyoz\u00f3 g\u00e9peket visszav\u00e1s\u00e1roljuk, ha az \u00fcgyf\u00e9l m\u00e1r nem haszn\u00e1lja!<\/p>\n\n\n\n<p>A haszn\u00e1lt g\u00e9peket \u00e1tvizsg\u00e1lva, sz\u00fcks\u00e9g eset\u00e9n megjav\u00edtva, korszer\u0171s\u00edtve kedvez\u0151 \u00e1ron tudjuk k\u00edn\u00e1lni. Ezeket a g\u00e9peket alapos betan\u00edt\u00e1ssal adjuk \u00e1t.<\/p>\n\n\n\n<p>Gy\u00e1rt\u00f3knak kiegyens\u00falyoz\u00e1s t\u00e9m\u00e1j\u00e1ban m\u00e9rn\u00f6ki szakmai seg\u00edts\u00e9get, oktat\u00e1st is tudunk biztos\u00edtani.<\/p>\n\n\n\n<figure class=\"wp-block-gallery has-nested-images columns-default is-cropped wp-block-gallery-1 is-layout-flex wp-block-gallery-is-layout-flex\">\n<figure class=\"wp-block-image\"><img loading=\"lazy\" decoding=\"async\" width=\"900\" height=\"675\" data-id=\"472\" src=\"https:\/\/kiegyensulyoz.hu\/kiegyensulyozas\/wp-content\/uploads\/2020\/03\/agrokomplex_kiallitas_nyitra.jpg\" alt=\"\" class=\"wp-image-472\" srcset=\"https:\/\/kiegyensulyoz.hu\/kiegyensulyozas\/wp-content\/uploads\/2020\/03\/agrokomplex_kiallitas_nyitra.jpg 900w, https:\/\/kiegyensulyoz.hu\/kiegyensulyozas\/wp-content\/uploads\/2020\/03\/agrokomplex_kiallitas_nyitra-300x225.jpg 300w, https:\/\/kiegyensulyoz.hu\/kiegyensulyozas\/wp-content\/uploads\/2020\/03\/agrokomplex_kiallitas_nyitra-768x576.jpg 768w, https:\/\/kiegyensulyoz.hu\/kiegyensulyozas\/wp-content\/uploads\/2020\/03\/agrokomplex_kiallitas_nyitra-624x468.jpg 624w\" sizes=\"auto, (max-width: 900px) 100vw, 900px\" \/><\/figure>\n\n\n\n<figure class=\"wp-block-image\"><img loading=\"lazy\" decoding=\"async\" width=\"900\" height=\"585\" data-id=\"473\" src=\"https:\/\/kiegyensulyoz.hu\/kiegyensulyozas\/wp-content\/uploads\/2020\/03\/bkv_vontato_motor_kiegyensulyozo_celgep.jpg\" alt=\"\" class=\"wp-image-473\" srcset=\"https:\/\/kiegyensulyoz.hu\/kiegyensulyozas\/wp-content\/uploads\/2020\/03\/bkv_vontato_motor_kiegyensulyozo_celgep.jpg 900w, https:\/\/kiegyensulyoz.hu\/kiegyensulyozas\/wp-content\/uploads\/2020\/03\/bkv_vontato_motor_kiegyensulyozo_celgep-300x195.jpg 300w, https:\/\/kiegyensulyoz.hu\/kiegyensulyozas\/wp-content\/uploads\/2020\/03\/bkv_vontato_motor_kiegyensulyozo_celgep-768x499.jpg 768w, https:\/\/kiegyensulyoz.hu\/kiegyensulyozas\/wp-content\/uploads\/2020\/03\/bkv_vontato_motor_kiegyensulyozo_celgep-624x406.jpg 624w\" sizes=\"auto, (max-width: 900px) 100vw, 900px\" \/><\/figure>\n\n\n\n<figure class=\"wp-block-image\"><img loading=\"lazy\" decoding=\"async\" width=\"869\" height=\"505\" data-id=\"474\" src=\"https:\/\/kiegyensulyoz.hu\/kiegyensulyozas\/wp-content\/uploads\/2020\/03\/csinald-magad_kiegyensulyozo_gep_ub400_merobakbol.jpg\" alt=\"\" class=\"wp-image-474\" srcset=\"https:\/\/kiegyensulyoz.hu\/kiegyensulyozas\/wp-content\/uploads\/2020\/03\/csinald-magad_kiegyensulyozo_gep_ub400_merobakbol.jpg 869w, https:\/\/kiegyensulyoz.hu\/kiegyensulyozas\/wp-content\/uploads\/2020\/03\/csinald-magad_kiegyensulyozo_gep_ub400_merobakbol-300x174.jpg 300w, https:\/\/kiegyensulyoz.hu\/kiegyensulyozas\/wp-content\/uploads\/2020\/03\/csinald-magad_kiegyensulyozo_gep_ub400_merobakbol-768x446.jpg 768w, https:\/\/kiegyensulyoz.hu\/kiegyensulyozas\/wp-content\/uploads\/2020\/03\/csinald-magad_kiegyensulyozo_gep_ub400_merobakbol-624x363.jpg 624w\" sizes=\"auto, (max-width: 869px) 100vw, 869px\" \/><\/figure>\n\n\n\n<figure class=\"wp-block-image\"><img loading=\"lazy\" decoding=\"async\" width=\"675\" height=\"900\" data-id=\"475\" src=\"https:\/\/kiegyensulyoz.hu\/kiegyensulyozas\/wp-content\/uploads\/2020\/03\/morzsa_porszivo_kiegyensulyozo_celgep.jpg\" alt=\"\" class=\"wp-image-475\" srcset=\"https:\/\/kiegyensulyoz.hu\/kiegyensulyozas\/wp-content\/uploads\/2020\/03\/morzsa_porszivo_kiegyensulyozo_celgep.jpg 675w, https:\/\/kiegyensulyoz.hu\/kiegyensulyozas\/wp-content\/uploads\/2020\/03\/morzsa_porszivo_kiegyensulyozo_celgep-225x300.jpg 225w, https:\/\/kiegyensulyoz.hu\/kiegyensulyozas\/wp-content\/uploads\/2020\/03\/morzsa_porszivo_kiegyensulyozo_celgep-624x832.jpg 624w\" sizes=\"auto, (max-width: 675px) 100vw, 675px\" \/><\/figure>\n\n\n\n<figure class=\"wp-block-image\"><img loading=\"lazy\" decoding=\"async\" width=\"847\" height=\"668\" data-id=\"476\" src=\"https:\/\/kiegyensulyoz.hu\/kiegyensulyozas\/wp-content\/uploads\/2020\/03\/p-211_muszer.jpg\" alt=\"\" class=\"wp-image-476\" srcset=\"https:\/\/kiegyensulyoz.hu\/kiegyensulyozas\/wp-content\/uploads\/2020\/03\/p-211_muszer.jpg 847w, https:\/\/kiegyensulyoz.hu\/kiegyensulyozas\/wp-content\/uploads\/2020\/03\/p-211_muszer-300x237.jpg 300w, https:\/\/kiegyensulyoz.hu\/kiegyensulyozas\/wp-content\/uploads\/2020\/03\/p-211_muszer-768x606.jpg 768w, https:\/\/kiegyensulyoz.hu\/kiegyensulyozas\/wp-content\/uploads\/2020\/03\/p-211_muszer-624x492.jpg 624w\" sizes=\"auto, (max-width: 847px) 100vw, 847px\" \/><\/figure>\n\n\n\n<figure class=\"wp-block-image\"><img loading=\"lazy\" decoding=\"async\" width=\"929\" height=\"600\" data-id=\"477\" src=\"https:\/\/kiegyensulyoz.hu\/kiegyensulyozas\/wp-content\/uploads\/2020\/03\/rezgesdiagnosztikai_probapad.jpg\" alt=\"\" class=\"wp-image-477\" srcset=\"https:\/\/kiegyensulyoz.hu\/kiegyensulyozas\/wp-content\/uploads\/2020\/03\/rezgesdiagnosztikai_probapad.jpg 929w, https:\/\/kiegyensulyoz.hu\/kiegyensulyozas\/wp-content\/uploads\/2020\/03\/rezgesdiagnosztikai_probapad-300x194.jpg 300w, https:\/\/kiegyensulyoz.hu\/kiegyensulyozas\/wp-content\/uploads\/2020\/03\/rezgesdiagnosztikai_probapad-768x496.jpg 768w, https:\/\/kiegyensulyoz.hu\/kiegyensulyozas\/wp-content\/uploads\/2020\/03\/rezgesdiagnosztikai_probapad-624x403.jpg 624w\" sizes=\"auto, (max-width: 929px) 100vw, 929px\" \/><\/figure>\n\n\n\n<figure class=\"wp-block-image\"><img loading=\"lazy\" decoding=\"async\" width=\"900\" height=\"675\" data-id=\"478\" src=\"https:\/\/kiegyensulyoz.hu\/kiegyensulyozas\/wp-content\/uploads\/2020\/03\/szechenyi_egyetem_oktato_berendezes.jpg\" alt=\"\" class=\"wp-image-478\" srcset=\"https:\/\/kiegyensulyoz.hu\/kiegyensulyozas\/wp-content\/uploads\/2020\/03\/szechenyi_egyetem_oktato_berendezes.jpg 900w, https:\/\/kiegyensulyoz.hu\/kiegyensulyozas\/wp-content\/uploads\/2020\/03\/szechenyi_egyetem_oktato_berendezes-300x225.jpg 300w, https:\/\/kiegyensulyoz.hu\/kiegyensulyozas\/wp-content\/uploads\/2020\/03\/szechenyi_egyetem_oktato_berendezes-768x576.jpg 768w, https:\/\/kiegyensulyoz.hu\/kiegyensulyozas\/wp-content\/uploads\/2020\/03\/szechenyi_egyetem_oktato_berendezes-624x468.jpg 624w\" sizes=\"auto, (max-width: 900px) 100vw, 900px\" \/><\/figure>\n\n\n\n<figure class=\"wp-block-image\"><img loading=\"lazy\" decoding=\"async\" width=\"625\" height=\"600\" data-id=\"479\" src=\"https:\/\/kiegyensulyoz.hu\/kiegyensulyozas\/wp-content\/uploads\/2020\/03\/tarcsa_kiegyensulyozo_celgep.jpg\" alt=\"\" class=\"wp-image-479\" srcset=\"https:\/\/kiegyensulyoz.hu\/kiegyensulyozas\/wp-content\/uploads\/2020\/03\/tarcsa_kiegyensulyozo_celgep.jpg 625w, https:\/\/kiegyensulyoz.hu\/kiegyensulyozas\/wp-content\/uploads\/2020\/03\/tarcsa_kiegyensulyozo_celgep-300x288.jpg 300w\" sizes=\"auto, (max-width: 625px) 100vw, 625px\" \/><\/figure>\n\n\n\n<figure class=\"wp-block-image\"><img loading=\"lazy\" decoding=\"async\" width=\"621\" height=\"900\" data-id=\"480\" src=\"https:\/\/kiegyensulyoz.hu\/kiegyensulyozas\/wp-content\/uploads\/2020\/03\/turboteszt.jpg\" alt=\"\" class=\"wp-image-480\" srcset=\"https:\/\/kiegyensulyoz.hu\/kiegyensulyozas\/wp-content\/uploads\/2020\/03\/turboteszt.jpg 621w, https:\/\/kiegyensulyoz.hu\/kiegyensulyozas\/wp-content\/uploads\/2020\/03\/turboteszt-207x300.jpg 207w\" sizes=\"auto, (max-width: 621px) 100vw, 621px\" \/><\/figure>\n\n\n\n<figure class=\"wp-block-image\"><img loading=\"lazy\" decoding=\"async\" width=\"600\" height=\"954\" data-id=\"481\" src=\"https:\/\/kiegyensulyoz.hu\/kiegyensulyozas\/wp-content\/uploads\/2020\/03\/turboteszt_kozepreszvizsgalo.jpg\" alt=\"\" class=\"wp-image-481\" srcset=\"https:\/\/kiegyensulyoz.hu\/kiegyensulyozas\/wp-content\/uploads\/2020\/03\/turboteszt_kozepreszvizsgalo.jpg 600w, https:\/\/kiegyensulyoz.hu\/kiegyensulyozas\/wp-content\/uploads\/2020\/03\/turboteszt_kozepreszvizsgalo-189x300.jpg 189w\" sizes=\"auto, (max-width: 600px) 100vw, 600px\" \/><\/figure>\n\n\n\n<figure class=\"wp-block-image\"><img loading=\"lazy\" decoding=\"async\" width=\"675\" height=\"900\" data-id=\"482\" src=\"https:\/\/kiegyensulyoz.hu\/kiegyensulyozas\/wp-content\/uploads\/2020\/03\/ub250_kiegyensulyozo_gep.jpg\" alt=\"\" class=\"wp-image-482\" srcset=\"https:\/\/kiegyensulyoz.hu\/kiegyensulyozas\/wp-content\/uploads\/2020\/03\/ub250_kiegyensulyozo_gep.jpg 675w, https:\/\/kiegyensulyoz.hu\/kiegyensulyozas\/wp-content\/uploads\/2020\/03\/ub250_kiegyensulyozo_gep-225x300.jpg 225w, https:\/\/kiegyensulyoz.hu\/kiegyensulyozas\/wp-content\/uploads\/2020\/03\/ub250_kiegyensulyozo_gep-624x832.jpg 624w\" sizes=\"auto, (max-width: 675px) 100vw, 675px\" \/><\/figure>\n\n\n\n<figure class=\"wp-block-image\"><img loading=\"lazy\" decoding=\"async\" width=\"675\" height=\"900\" data-id=\"483\" src=\"https:\/\/kiegyensulyoz.hu\/kiegyensulyozas\/wp-content\/uploads\/2020\/03\/unibalance-2_kiegyensulyozo.jpg\" alt=\"\" class=\"wp-image-483\" srcset=\"https:\/\/kiegyensulyoz.hu\/kiegyensulyozas\/wp-content\/uploads\/2020\/03\/unibalance-2_kiegyensulyozo.jpg 675w, https:\/\/kiegyensulyoz.hu\/kiegyensulyozas\/wp-content\/uploads\/2020\/03\/unibalance-2_kiegyensulyozo-225x300.jpg 225w, https:\/\/kiegyensulyoz.hu\/kiegyensulyozas\/wp-content\/uploads\/2020\/03\/unibalance-2_kiegyensulyozo-624x832.jpg 624w\" sizes=\"auto, (max-width: 675px) 100vw, 675px\" \/><\/figure>\n\n\n\n<figure class=\"wp-block-image\"><img loading=\"lazy\" decoding=\"async\" width=\"800\" height=\"574\" data-id=\"484\" src=\"https:\/\/kiegyensulyoz.hu\/kiegyensulyozas\/wp-content\/uploads\/2020\/03\/unibalance-6.jpg\" alt=\"\" class=\"wp-image-484\" srcset=\"https:\/\/kiegyensulyoz.hu\/kiegyensulyozas\/wp-content\/uploads\/2020\/03\/unibalance-6.jpg 800w, https:\/\/kiegyensulyoz.hu\/kiegyensulyozas\/wp-content\/uploads\/2020\/03\/unibalance-6-300x215.jpg 300w, https:\/\/kiegyensulyoz.hu\/kiegyensulyozas\/wp-content\/uploads\/2020\/03\/unibalance-6-768x551.jpg 768w, https:\/\/kiegyensulyoz.hu\/kiegyensulyozas\/wp-content\/uploads\/2020\/03\/unibalance-6-624x448.jpg 624w\" sizes=\"auto, (max-width: 800px) 100vw, 800px\" \/><\/figure>\n\n\n\n<figure class=\"wp-block-image\"><img loading=\"lazy\" decoding=\"async\" width=\"900\" height=\"675\" data-id=\"485\" src=\"https:\/\/kiegyensulyoz.hu\/kiegyensulyozas\/wp-content\/uploads\/2020\/03\/unibalance-15_burkolattal.jpg\" alt=\"\" class=\"wp-image-485\" srcset=\"https:\/\/kiegyensulyoz.hu\/kiegyensulyozas\/wp-content\/uploads\/2020\/03\/unibalance-15_burkolattal.jpg 900w, https:\/\/kiegyensulyoz.hu\/kiegyensulyozas\/wp-content\/uploads\/2020\/03\/unibalance-15_burkolattal-300x225.jpg 300w, https:\/\/kiegyensulyoz.hu\/kiegyensulyozas\/wp-content\/uploads\/2020\/03\/unibalance-15_burkolattal-768x576.jpg 768w, https:\/\/kiegyensulyoz.hu\/kiegyensulyozas\/wp-content\/uploads\/2020\/03\/unibalance-15_burkolattal-624x468.jpg 624w\" sizes=\"auto, (max-width: 900px) 100vw, 900px\" \/><\/figure>\n\n\n\n<figure class=\"wp-block-image\"><img loading=\"lazy\" decoding=\"async\" width=\"800\" height=\"551\" data-id=\"486\" src=\"https:\/\/kiegyensulyoz.hu\/kiegyensulyozas\/wp-content\/uploads\/2020\/03\/unibalance-15_kiegyensulyozo.jpg\" alt=\"\" class=\"wp-image-486\" srcset=\"https:\/\/kiegyensulyoz.hu\/kiegyensulyozas\/wp-content\/uploads\/2020\/03\/unibalance-15_kiegyensulyozo.jpg 800w, https:\/\/kiegyensulyoz.hu\/kiegyensulyozas\/wp-content\/uploads\/2020\/03\/unibalance-15_kiegyensulyozo-300x207.jpg 300w, https:\/\/kiegyensulyoz.hu\/kiegyensulyozas\/wp-content\/uploads\/2020\/03\/unibalance-15_kiegyensulyozo-768x529.jpg 768w, https:\/\/kiegyensulyoz.hu\/kiegyensulyozas\/wp-content\/uploads\/2020\/03\/unibalance-15_kiegyensulyozo-624x430.jpg 624w\" sizes=\"auto, (max-width: 800px) 100vw, 800px\" \/><\/figure>\n\n\n\n<figure class=\"wp-block-image\"><img loading=\"lazy\" decoding=\"async\" width=\"738\" height=\"600\" data-id=\"487\" src=\"https:\/\/kiegyensulyoz.hu\/kiegyensulyozas\/wp-content\/uploads\/2020\/03\/unibalance-50_kiegyensulyozo.jpg\" alt=\"\" class=\"wp-image-487\" srcset=\"https:\/\/kiegyensulyoz.hu\/kiegyensulyozas\/wp-content\/uploads\/2020\/03\/unibalance-50_kiegyensulyozo.jpg 738w, https:\/\/kiegyensulyoz.hu\/kiegyensulyozas\/wp-content\/uploads\/2020\/03\/unibalance-50_kiegyensulyozo-300x244.jpg 300w, https:\/\/kiegyensulyoz.hu\/kiegyensulyozas\/wp-content\/uploads\/2020\/03\/unibalance-50_kiegyensulyozo-624x507.jpg 624w\" sizes=\"auto, (max-width: 738px) 100vw, 738px\" \/><\/figure>\n\n\n\n<figure class=\"wp-block-image\"><img loading=\"lazy\" decoding=\"async\" width=\"900\" height=\"675\" data-id=\"488\" src=\"https:\/\/kiegyensulyoz.hu\/kiegyensulyozas\/wp-content\/uploads\/2020\/03\/unibalance-50_kiegyensulyozo_gep-1.jpg\" alt=\"\" class=\"wp-image-488\" srcset=\"https:\/\/kiegyensulyoz.hu\/kiegyensulyozas\/wp-content\/uploads\/2020\/03\/unibalance-50_kiegyensulyozo_gep-1.jpg 900w, https:\/\/kiegyensulyoz.hu\/kiegyensulyozas\/wp-content\/uploads\/2020\/03\/unibalance-50_kiegyensulyozo_gep-1-300x225.jpg 300w, https:\/\/kiegyensulyoz.hu\/kiegyensulyozas\/wp-content\/uploads\/2020\/03\/unibalance-50_kiegyensulyozo_gep-1-768x576.jpg 768w, https:\/\/kiegyensulyoz.hu\/kiegyensulyozas\/wp-content\/uploads\/2020\/03\/unibalance-50_kiegyensulyozo_gep-1-624x468.jpg 624w\" sizes=\"auto, (max-width: 900px) 100vw, 900px\" \/><\/figure>\n\n\n\n<figure class=\"wp-block-image\"><img loading=\"lazy\" decoding=\"async\" width=\"800\" height=\"521\" data-id=\"489\" src=\"https:\/\/kiegyensulyoz.hu\/kiegyensulyozas\/wp-content\/uploads\/2020\/03\/unibalance-100.jpg\" alt=\"\" class=\"wp-image-489\" srcset=\"https:\/\/kiegyensulyoz.hu\/kiegyensulyozas\/wp-content\/uploads\/2020\/03\/unibalance-100.jpg 800w, https:\/\/kiegyensulyoz.hu\/kiegyensulyozas\/wp-content\/uploads\/2020\/03\/unibalance-100-300x195.jpg 300w, https:\/\/kiegyensulyoz.hu\/kiegyensulyozas\/wp-content\/uploads\/2020\/03\/unibalance-100-768x500.jpg 768w, https:\/\/kiegyensulyoz.hu\/kiegyensulyozas\/wp-content\/uploads\/2020\/03\/unibalance-100-624x406.jpg 624w\" sizes=\"auto, (max-width: 800px) 100vw, 800px\" \/><\/figure>\n\n\n\n<figure class=\"wp-block-image\"><img loading=\"lazy\" decoding=\"async\" width=\"838\" height=\"659\" data-id=\"490\" src=\"https:\/\/kiegyensulyoz.hu\/kiegyensulyozas\/wp-content\/uploads\/2020\/03\/unibalance-100_kiegyensulyozo_gep.jpg\" alt=\"\" class=\"wp-image-490\" srcset=\"https:\/\/kiegyensulyoz.hu\/kiegyensulyozas\/wp-content\/uploads\/2020\/03\/unibalance-100_kiegyensulyozo_gep.jpg 838w, https:\/\/kiegyensulyoz.hu\/kiegyensulyozas\/wp-content\/uploads\/2020\/03\/unibalance-100_kiegyensulyozo_gep-300x236.jpg 300w, https:\/\/kiegyensulyoz.hu\/kiegyensulyozas\/wp-content\/uploads\/2020\/03\/unibalance-100_kiegyensulyozo_gep-768x604.jpg 768w, https:\/\/kiegyensulyoz.hu\/kiegyensulyozas\/wp-content\/uploads\/2020\/03\/unibalance-100_kiegyensulyozo_gep-624x491.jpg 624w\" sizes=\"auto, (max-width: 838px) 100vw, 838px\" \/><\/figure>\n\n\n\n<figure class=\"wp-block-image\"><img loading=\"lazy\" decoding=\"async\" width=\"900\" height=\"675\" data-id=\"491\" src=\"https:\/\/kiegyensulyoz.hu\/kiegyensulyozas\/wp-content\/uploads\/2020\/03\/vasuti_kerekpar_kiegyensulyozo_gep.jpg\" alt=\"\" class=\"wp-image-491\" srcset=\"https:\/\/kiegyensulyoz.hu\/kiegyensulyozas\/wp-content\/uploads\/2020\/03\/vasuti_kerekpar_kiegyensulyozo_gep.jpg 900w, https:\/\/kiegyensulyoz.hu\/kiegyensulyozas\/wp-content\/uploads\/2020\/03\/vasuti_kerekpar_kiegyensulyozo_gep-300x225.jpg 300w, https:\/\/kiegyensulyoz.hu\/kiegyensulyozas\/wp-content\/uploads\/2020\/03\/vasuti_kerekpar_kiegyensulyozo_gep-768x576.jpg 768w, https:\/\/kiegyensulyoz.hu\/kiegyensulyozas\/wp-content\/uploads\/2020\/03\/vasuti_kerekpar_kiegyensulyozo_gep-624x468.jpg 624w\" sizes=\"auto, (max-width: 900px) 100vw, 900px\" \/><\/figure>\n\n\n\n<figure class=\"wp-block-image\"><img loading=\"lazy\" decoding=\"async\" width=\"900\" height=\"675\" data-id=\"493\" src=\"https:\/\/kiegyensulyoz.hu\/kiegyensulyozas\/wp-content\/uploads\/2020\/03\/kiegyensulyozo_program_kepernyo_kepe.jpg\" alt=\"\" class=\"wp-image-493\" srcset=\"https:\/\/kiegyensulyoz.hu\/kiegyensulyozas\/wp-content\/uploads\/2020\/03\/kiegyensulyozo_program_kepernyo_kepe.jpg 900w, https:\/\/kiegyensulyoz.hu\/kiegyensulyozas\/wp-content\/uploads\/2020\/03\/kiegyensulyozo_program_kepernyo_kepe-300x225.jpg 300w, https:\/\/kiegyensulyoz.hu\/kiegyensulyozas\/wp-content\/uploads\/2020\/03\/kiegyensulyozo_program_kepernyo_kepe-768x576.jpg 768w, https:\/\/kiegyensulyoz.hu\/kiegyensulyozas\/wp-content\/uploads\/2020\/03\/kiegyensulyozo_program_kepernyo_kepe-624x468.jpg 624w\" sizes=\"auto, (max-width: 900px) 100vw, 900px\" \/><\/figure>\n<\/figure>\n","protected":false},"excerpt":{"rendered":"<p>T\u00f6bb mint 2 \u00e9vtizedig, c\u00e9g\u00fcnk f\u0151 profilja kiegyens\u00falyoz\u00f3 g\u00e9pek fejleszt\u00e9se, gy\u00e1rt\u00e1sa \u00e9s korszer\u0171s\u00edt\u00e9se volt. Az elm\u00falt \u00e9vek piaci folyamatai \u00e9s egy\u00e9b okok miatt jelenleg kevesebb g\u00e9pet gy\u00e1rtunk, mint kor\u00e1bban. Rakt\u00e1ron lev\u0151 k\u00e9sz vagy f\u00e9lk\u00e9sz g\u00e9pekb\u0151l m\u00e9g tudunk egy-egy darabot \u00e9rt\u00e9kes\u00edteni. Egyedi ig\u00e9nyekre speci\u00e1lis kiegyens\u00falyoz\u00f3 g\u00e9p vagy kiegyens\u00falyoz\u00f3 g\u00e9p m\u00e9r\u0151bakjainak gy\u00e1rt\u00e1s\u00e1t korl\u00e1tozottan m\u00e9g tudjuk v\u00e1llalni. Az [&hellip;]<\/p>\n","protected":false},"author":3,"featured_media":0,"parent":0,"menu_order":0,"comment_status":"closed","ping_status":"closed","template":"","meta":{"footnotes":""},"class_list":["post-12","page","type-page","status-publish","hentry"],"_links":{"self":[{"href":"https:\/\/kiegyensulyoz.hu\/kiegyensulyozas\/wp-json\/wp\/v2\/pages\/12","targetHints":{"allow":["GET"]}}],"collection":[{"href":"https:\/\/kiegyensulyoz.hu\/kiegyensulyozas\/wp-json\/wp\/v2\/pages"}],"about":[{"href":"https:\/\/kiegyensulyoz.hu\/kiegyensulyozas\/wp-json\/wp\/v2\/types\/page"}],"author":[{"embeddable":true,"href":"https:\/\/kiegyensulyoz.hu\/kiegyensulyozas\/wp-json\/wp\/v2\/users\/3"}],"replies":[{"embeddable":true,"href":"https:\/\/kiegyensulyoz.hu\/kiegyensulyozas\/wp-json\/wp\/v2\/comments?post=12"}],"version-history":[{"count":30,"href":"https:\/\/kiegyensulyoz.hu\/kiegyensulyozas\/wp-json\/wp\/v2\/pages\/12\/revisions"}],"predecessor-version":[{"id":639,"href":"https:\/\/kiegyensulyoz.hu\/kiegyensulyozas\/wp-json\/wp\/v2\/pages\/12\/revisions\/639"}],"wp:attachment":[{"href":"https:\/\/kiegyensulyoz.hu\/kiegyensulyozas\/wp-json\/wp\/v2\/media?parent=12"}],"curies":[{"name":"wp","href":"https:\/\/api.w.org\/{rel}","templated":true}]}}