{"id":390,"date":"2020-02-10T15:20:02","date_gmt":"2020-02-10T15:20:02","guid":{"rendered":"http:\/\/kiegyensulyoz.hu\/kiegyensulyozas\/?page_id=390"},"modified":"2025-09-10T11:10:22","modified_gmt":"2025-09-10T11:10:22","slug":"rotorgyartas","status":"publish","type":"page","link":"https:\/\/kiegyensulyoz.hu\/kiegyensulyozas\/rotorgyartas\/","title":{"rendered":"Rotorgy\u00e1rt\u00e1s"},"content":{"rendered":"\n<p>V\u00e1llalkoz\u00e1sunk n\u00e9met partner (Prinoth) megkeres\u00e9s\u00e9re 7 \u00e9vig v\u00e9gezte erd\u00e9szeti sz\u00e1rz\u00faz\u00f3-mulcsoz\u00f3 g\u00e9pek rotorj\u00e1nak gy\u00e1rt\u00e1s\u00e1t.<\/p>\n\n\n\n<figure class=\"wp-block-image size-large\"><img loading=\"lazy\" decoding=\"async\" width=\"900\" height=\"553\" src=\"https:\/\/kiegyensulyoz.hu\/kiegyensulyozas\/wp-content\/uploads\/2020\/03\/rotorok_szallitasra_kesz.jpg\" alt=\"\" class=\"wp-image-414\" srcset=\"https:\/\/kiegyensulyoz.hu\/kiegyensulyozas\/wp-content\/uploads\/2020\/03\/rotorok_szallitasra_kesz.jpg 900w, https:\/\/kiegyensulyoz.hu\/kiegyensulyozas\/wp-content\/uploads\/2020\/03\/rotorok_szallitasra_kesz-300x184.jpg 300w, https:\/\/kiegyensulyoz.hu\/kiegyensulyozas\/wp-content\/uploads\/2020\/03\/rotorok_szallitasra_kesz-768x472.jpg 768w, https:\/\/kiegyensulyoz.hu\/kiegyensulyozas\/wp-content\/uploads\/2020\/03\/rotorok_szallitasra_kesz-624x383.jpg 624w\" sizes=\"auto, (max-width: 900px) 100vw, 900px\" \/><figcaption class=\"wp-element-caption\">Legy\u00e1rtott rotorok sz\u00e1ll\u00edt\u00e1sra k\u00e9szen<\/figcaption><\/figure>\n\n\n\n<div style=\"height:15px\" aria-hidden=\"true\" class=\"wp-block-spacer\"><\/div>\n\n\n\n<p>Kor\u00e1bban ilyen jelleg\u0171 f\u00e9mipari alkatr\u00e9sznek csak a kiegyens\u00falyoz\u00e1s\u00e1t v\u00e9gezt\u00fck.<\/p>\n\n\n\n<p>Nagy fordulatsz\u00e1mon m\u0171k\u00f6d\u0151, hegeszt\u00e9ssel k\u00e9sz\u00edtett rotorokn\u00e1l k\u00fcl\u00f6n odafigyel\u00e9s sz\u00fcks\u00e9ges gy\u00e1rt\u00e1s sor\u00e1n. Megfelel\u0151 pontoss\u00e1g\u00fa \u00f6ssze\u00e1ll\u00edt\u00e1s, j\u00f3 hegeszt\u00e9si sorrend, aszimmetria kezel\u00e9se n\u00e9lk\u00fcl k\u00f6nnyen t\u00f6bb kg kiegyens\u00falyoz\u00f3 s\u00falyra lehet sz\u00fcks\u00e9g, ami m\u00e1r nem elfogadhat\u00f3. Egy egyed\u00fcl\u00e1ll\u00f3 gy\u00e1rt\u00e1si technol\u00f3gi\u00e1t alak\u00edtottunk ki. A rotor alapj\u00e1t k\u00e9pez\u0151 vastag falu (16-25mm) cs\u0151 eszterg\u00e1l\u00e1s\u00e1ra \u00faj m\u00f3dszert, kiegyens\u00falyoz\u00e1s\u00e1ra \u00faj g\u00e9pet fejlesztett\u00fcnk ki. A cs\u0151 fenek\u00e9nek behegeszt\u00e9se is c\u00e9lg\u00e9pen, a szersz\u00e1mok felrak\u00e1sa egyedi sablonnal t\u00f6rt\u00e9nt. Hegeszt\u00e9s ut\u00e1n a h\u0151 okozta torzul\u00e1sok miatt t\u00f6bb fel\u00fclet esztergag\u00e9pen \u00fajra meg lett szab\u00e1lyozva. Gy\u00e1rt\u00e1s k\u00f6zben t\u00f6bb ponton m\u00e9rt\u00fcnk \u00fct\u00e9st, g\u00f6rbes\u00e9get, kiegyens\u00falyozatlans\u00e1got. A szersz\u00e1mok, tengelycsonkok felrak\u00e1sa nyomat\u00e9kkulccsal t\u00f6rt\u00e9nt, ut\u00e1na lett a forg\u00f3r\u00e9sz festve, raklapra csomagolva.<\/p>\n\n\n\n<figure class=\"wp-block-image size-large\"><img loading=\"lazy\" decoding=\"async\" width=\"1024\" height=\"388\" src=\"https:\/\/kiegyensulyoz.hu\/kiegyensulyozas\/wp-content\/uploads\/2020\/03\/rotor-1024x388.jpg\" alt=\"\" class=\"wp-image-410\" srcset=\"https:\/\/kiegyensulyoz.hu\/kiegyensulyozas\/wp-content\/uploads\/2020\/03\/rotor-1024x388.jpg 1024w, https:\/\/kiegyensulyoz.hu\/kiegyensulyozas\/wp-content\/uploads\/2020\/03\/rotor-300x114.jpg 300w, https:\/\/kiegyensulyoz.hu\/kiegyensulyozas\/wp-content\/uploads\/2020\/03\/rotor-768x291.jpg 768w, https:\/\/kiegyensulyoz.hu\/kiegyensulyozas\/wp-content\/uploads\/2020\/03\/rotor-1536x582.jpg 1536w, https:\/\/kiegyensulyoz.hu\/kiegyensulyozas\/wp-content\/uploads\/2020\/03\/rotor-2048x775.jpg 2048w, https:\/\/kiegyensulyoz.hu\/kiegyensulyozas\/wp-content\/uploads\/2020\/03\/rotor-624x236.jpg 624w\" sizes=\"auto, (max-width: 1024px) 100vw, 1024px\" \/><figcaption class=\"wp-element-caption\">Rotor<\/figcaption><\/figure>\n\n\n\n<p><strong>V\u00e1llaljuk egyedi vagy kis sz\u00e9ri\u00e1s olyan forg\u00f3 alkatr\u00e9sz gy\u00e1rt\u00e1s\u00e1t ami a forgat\u00e1s miatt fokozott odafigyel\u00e9st \u00e9s prec\u00edz kiegyens\u00falyoz\u00e1s ig\u00e9nyel.<\/strong><\/p>\n\n\n\n<div style=\"height:25px\" aria-hidden=\"true\" class=\"wp-block-spacer\"><\/div>\n\n\n\n<figure class=\"wp-block-gallery has-nested-images columns-default is-cropped wp-block-gallery-1 is-layout-flex wp-block-gallery-is-layout-flex\">\n<figure class=\"wp-block-image size-large\"><img loading=\"lazy\" decoding=\"async\" width=\"675\" height=\"900\" data-id=\"415\" src=\"https:\/\/kiegyensulyoz.hu\/kiegyensulyozas\/wp-content\/uploads\/2020\/03\/cso_kiegyensulyozasa_belso_sullyal_rotoron.jpg\" alt=\"\" class=\"wp-image-415\" srcset=\"https:\/\/kiegyensulyoz.hu\/kiegyensulyozas\/wp-content\/uploads\/2020\/03\/cso_kiegyensulyozasa_belso_sullyal_rotoron.jpg 675w, https:\/\/kiegyensulyoz.hu\/kiegyensulyozas\/wp-content\/uploads\/2020\/03\/cso_kiegyensulyozasa_belso_sullyal_rotoron-225x300.jpg 225w, https:\/\/kiegyensulyoz.hu\/kiegyensulyozas\/wp-content\/uploads\/2020\/03\/cso_kiegyensulyozasa_belso_sullyal_rotoron-624x832.jpg 624w\" sizes=\"auto, (max-width: 675px) 100vw, 675px\" \/><\/figure>\n\n\n\n<figure class=\"wp-block-image size-large\"><img loading=\"lazy\" decoding=\"async\" width=\"900\" height=\"675\" data-id=\"416\" src=\"https:\/\/kiegyensulyoz.hu\/kiegyensulyozas\/wp-content\/uploads\/2020\/03\/kiegyensulyozo_suly_rotorra_felhegesztve.jpg\" alt=\"\" class=\"wp-image-416\" srcset=\"https:\/\/kiegyensulyoz.hu\/kiegyensulyozas\/wp-content\/uploads\/2020\/03\/kiegyensulyozo_suly_rotorra_felhegesztve.jpg 900w, https:\/\/kiegyensulyoz.hu\/kiegyensulyozas\/wp-content\/uploads\/2020\/03\/kiegyensulyozo_suly_rotorra_felhegesztve-300x225.jpg 300w, https:\/\/kiegyensulyoz.hu\/kiegyensulyozas\/wp-content\/uploads\/2020\/03\/kiegyensulyozo_suly_rotorra_felhegesztve-768x576.jpg 768w, https:\/\/kiegyensulyoz.hu\/kiegyensulyozas\/wp-content\/uploads\/2020\/03\/kiegyensulyozo_suly_rotorra_felhegesztve-624x468.jpg 624w\" sizes=\"auto, (max-width: 900px) 100vw, 900px\" \/><\/figure>\n\n\n\n<figure class=\"wp-block-image size-large\"><img loading=\"lazy\" decoding=\"async\" width=\"900\" height=\"701\" data-id=\"417\" src=\"https:\/\/kiegyensulyoz.hu\/kiegyensulyozas\/wp-content\/uploads\/2020\/03\/rotor_fenek_esztergalasa.jpg\" alt=\"\" class=\"wp-image-417\" srcset=\"https:\/\/kiegyensulyoz.hu\/kiegyensulyozas\/wp-content\/uploads\/2020\/03\/rotor_fenek_esztergalasa.jpg 900w, https:\/\/kiegyensulyoz.hu\/kiegyensulyozas\/wp-content\/uploads\/2020\/03\/rotor_fenek_esztergalasa-300x234.jpg 300w, https:\/\/kiegyensulyoz.hu\/kiegyensulyozas\/wp-content\/uploads\/2020\/03\/rotor_fenek_esztergalasa-768x598.jpg 768w, https:\/\/kiegyensulyoz.hu\/kiegyensulyozas\/wp-content\/uploads\/2020\/03\/rotor_fenek_esztergalasa-624x486.jpg 624w\" sizes=\"auto, (max-width: 900px) 100vw, 900px\" \/><\/figure>\n\n\n\n<figure class=\"wp-block-image size-large\"><img loading=\"lazy\" decoding=\"async\" width=\"1024\" height=\"388\" data-id=\"418\" src=\"https:\/\/kiegyensulyoz.hu\/kiegyensulyozas\/wp-content\/uploads\/2020\/03\/rotor_gyartasa-1024x388.jpg\" alt=\"\" class=\"wp-image-418\" srcset=\"https:\/\/kiegyensulyoz.hu\/kiegyensulyozas\/wp-content\/uploads\/2020\/03\/rotor_gyartasa-1024x388.jpg 1024w, https:\/\/kiegyensulyoz.hu\/kiegyensulyozas\/wp-content\/uploads\/2020\/03\/rotor_gyartasa-300x114.jpg 300w, https:\/\/kiegyensulyoz.hu\/kiegyensulyozas\/wp-content\/uploads\/2020\/03\/rotor_gyartasa-768x291.jpg 768w, https:\/\/kiegyensulyoz.hu\/kiegyensulyozas\/wp-content\/uploads\/2020\/03\/rotor_gyartasa-1536x582.jpg 1536w, https:\/\/kiegyensulyoz.hu\/kiegyensulyozas\/wp-content\/uploads\/2020\/03\/rotor_gyartasa-2048x775.jpg 2048w, https:\/\/kiegyensulyoz.hu\/kiegyensulyozas\/wp-content\/uploads\/2020\/03\/rotor_gyartasa-624x236.jpg 624w\" sizes=\"auto, (max-width: 1024px) 100vw, 1024px\" \/><\/figure>\n\n\n\n<figure class=\"wp-block-image size-large\"><img loading=\"lazy\" decoding=\"async\" width=\"900\" height=\"612\" data-id=\"419\" src=\"https:\/\/kiegyensulyoz.hu\/kiegyensulyozas\/wp-content\/uploads\/2020\/03\/rotor_karbid_szerszamokkal.jpg\" alt=\"\" class=\"wp-image-419\" srcset=\"https:\/\/kiegyensulyoz.hu\/kiegyensulyozas\/wp-content\/uploads\/2020\/03\/rotor_karbid_szerszamokkal.jpg 900w, https:\/\/kiegyensulyoz.hu\/kiegyensulyozas\/wp-content\/uploads\/2020\/03\/rotor_karbid_szerszamokkal-300x204.jpg 300w, https:\/\/kiegyensulyoz.hu\/kiegyensulyozas\/wp-content\/uploads\/2020\/03\/rotor_karbid_szerszamokkal-768x522.jpg 768w, https:\/\/kiegyensulyoz.hu\/kiegyensulyozas\/wp-content\/uploads\/2020\/03\/rotor_karbid_szerszamokkal-624x424.jpg 624w\" sizes=\"auto, (max-width: 900px) 100vw, 900px\" \/><\/figure>\n\n\n\n<figure class=\"wp-block-image size-large\"><img loading=\"lazy\" decoding=\"async\" width=\"691\" height=\"900\" data-id=\"420\" src=\"https:\/\/kiegyensulyoz.hu\/kiegyensulyozas\/wp-content\/uploads\/2020\/03\/rotor_kiegyensulyozasa.jpg\" alt=\"\" class=\"wp-image-420\" srcset=\"https:\/\/kiegyensulyoz.hu\/kiegyensulyozas\/wp-content\/uploads\/2020\/03\/rotor_kiegyensulyozasa.jpg 691w, https:\/\/kiegyensulyoz.hu\/kiegyensulyozas\/wp-content\/uploads\/2020\/03\/rotor_kiegyensulyozasa-230x300.jpg 230w, https:\/\/kiegyensulyoz.hu\/kiegyensulyozas\/wp-content\/uploads\/2020\/03\/rotor_kiegyensulyozasa-624x813.jpg 624w\" sizes=\"auto, (max-width: 691px) 100vw, 691px\" \/><\/figure>\n\n\n\n<figure class=\"wp-block-image size-large\"><img loading=\"lazy\" decoding=\"async\" width=\"900\" height=\"553\" data-id=\"421\" src=\"https:\/\/kiegyensulyoz.hu\/kiegyensulyozas\/wp-content\/uploads\/2020\/03\/rotorok_szallitasra_kesz-1.jpg\" alt=\"\" class=\"wp-image-421\" srcset=\"https:\/\/kiegyensulyoz.hu\/kiegyensulyozas\/wp-content\/uploads\/2020\/03\/rotorok_szallitasra_kesz-1.jpg 900w, https:\/\/kiegyensulyoz.hu\/kiegyensulyozas\/wp-content\/uploads\/2020\/03\/rotorok_szallitasra_kesz-1-300x184.jpg 300w, https:\/\/kiegyensulyoz.hu\/kiegyensulyozas\/wp-content\/uploads\/2020\/03\/rotorok_szallitasra_kesz-1-768x472.jpg 768w, https:\/\/kiegyensulyoz.hu\/kiegyensulyozas\/wp-content\/uploads\/2020\/03\/rotorok_szallitasra_kesz-1-624x383.jpg 624w\" sizes=\"auto, (max-width: 900px) 100vw, 900px\" \/><\/figure>\n\n\n\n<figure class=\"wp-block-image size-large\"><img loading=\"lazy\" decoding=\"async\" width=\"900\" height=\"684\" data-id=\"422\" src=\"https:\/\/kiegyensulyoz.hu\/kiegyensulyozas\/wp-content\/uploads\/2020\/03\/rotortengelycsonk_felfekvo_feluletenek_megszabalyozasa.jpg\" alt=\"\" class=\"wp-image-422\" srcset=\"https:\/\/kiegyensulyoz.hu\/kiegyensulyozas\/wp-content\/uploads\/2020\/03\/rotortengelycsonk_felfekvo_feluletenek_megszabalyozasa.jpg 900w, https:\/\/kiegyensulyoz.hu\/kiegyensulyozas\/wp-content\/uploads\/2020\/03\/rotortengelycsonk_felfekvo_feluletenek_megszabalyozasa-300x228.jpg 300w, https:\/\/kiegyensulyoz.hu\/kiegyensulyozas\/wp-content\/uploads\/2020\/03\/rotortengelycsonk_felfekvo_feluletenek_megszabalyozasa-768x584.jpg 768w, https:\/\/kiegyensulyoz.hu\/kiegyensulyozas\/wp-content\/uploads\/2020\/03\/rotortengelycsonk_felfekvo_feluletenek_megszabalyozasa-624x474.jpg 624w\" sizes=\"auto, (max-width: 900px) 100vw, 900px\" \/><\/figure>\n<\/figure>\n","protected":false},"excerpt":{"rendered":"<p>V\u00e1llalkoz\u00e1sunk n\u00e9met partner (Prinoth) megkeres\u00e9s\u00e9re 7 \u00e9vig v\u00e9gezte erd\u00e9szeti sz\u00e1rz\u00faz\u00f3-mulcsoz\u00f3 g\u00e9pek rotorj\u00e1nak gy\u00e1rt\u00e1s\u00e1t. Kor\u00e1bban ilyen jelleg\u0171 f\u00e9mipari alkatr\u00e9sznek csak a kiegyens\u00falyoz\u00e1s\u00e1t v\u00e9gezt\u00fck. Nagy fordulatsz\u00e1mon m\u0171k\u00f6d\u0151, hegeszt\u00e9ssel k\u00e9sz\u00edtett rotorokn\u00e1l k\u00fcl\u00f6n odafigyel\u00e9s sz\u00fcks\u00e9ges gy\u00e1rt\u00e1s sor\u00e1n. Megfelel\u0151 pontoss\u00e1g\u00fa \u00f6ssze\u00e1ll\u00edt\u00e1s, j\u00f3 hegeszt\u00e9si sorrend, aszimmetria kezel\u00e9se n\u00e9lk\u00fcl k\u00f6nnyen t\u00f6bb kg kiegyens\u00falyoz\u00f3 s\u00falyra lehet sz\u00fcks\u00e9g, ami m\u00e1r nem elfogadhat\u00f3. Egy egyed\u00fcl\u00e1ll\u00f3 [&hellip;]<\/p>\n","protected":false},"author":3,"featured_media":0,"parent":0,"menu_order":0,"comment_status":"closed","ping_status":"closed","template":"","meta":{"footnotes":""},"class_list":["post-390","page","type-page","status-publish","hentry"],"_links":{"self":[{"href":"https:\/\/kiegyensulyoz.hu\/kiegyensulyozas\/wp-json\/wp\/v2\/pages\/390","targetHints":{"allow":["GET"]}}],"collection":[{"href":"https:\/\/kiegyensulyoz.hu\/kiegyensulyozas\/wp-json\/wp\/v2\/pages"}],"about":[{"href":"https:\/\/kiegyensulyoz.hu\/kiegyensulyozas\/wp-json\/wp\/v2\/types\/page"}],"author":[{"embeddable":true,"href":"https:\/\/kiegyensulyoz.hu\/kiegyensulyozas\/wp-json\/wp\/v2\/users\/3"}],"replies":[{"embeddable":true,"href":"https:\/\/kiegyensulyoz.hu\/kiegyensulyozas\/wp-json\/wp\/v2\/comments?post=390"}],"version-history":[{"count":11,"href":"https:\/\/kiegyensulyoz.hu\/kiegyensulyozas\/wp-json\/wp\/v2\/pages\/390\/revisions"}],"predecessor-version":[{"id":636,"href":"https:\/\/kiegyensulyoz.hu\/kiegyensulyozas\/wp-json\/wp\/v2\/pages\/390\/revisions\/636"}],"wp:attachment":[{"href":"https:\/\/kiegyensulyoz.hu\/kiegyensulyozas\/wp-json\/wp\/v2\/media?parent=390"}],"curies":[{"name":"wp","href":"https:\/\/api.w.org\/{rel}","templated":true}]}}