{"id":393,"date":"2020-02-10T15:30:46","date_gmt":"2020-02-10T15:30:46","guid":{"rendered":"http:\/\/kiegyensulyoz.hu\/kiegyensulyozas\/?page_id=393"},"modified":"2025-09-10T11:31:07","modified_gmt":"2025-09-10T11:31:07","slug":"femmegmunkalas","status":"publish","type":"page","link":"https:\/\/kiegyensulyoz.hu\/kiegyensulyozas\/femmegmunkalas\/","title":{"rendered":"F\u00e9mmegmunk\u00e1l\u00e1s"},"content":{"rendered":"<p>V\u00e1llalkoz\u00e1sunk korl\u00e1tozott kapacit\u00e1ssal f\u00e9mipari munk\u00e1kat v\u00e1llal.<br \/>\nEls\u0151sorban egyedi vagy kis sz\u00e9ri\u00e1s, a m\u0171hely\u00fcnk technikai \u00e9s hum\u00e1n k\u00e9pess\u00e9geit meg nem halad\u00f3 f\u00e9mipari gy\u00e1rt\u00e1st, g\u00e9pr\u00e9szek, f\u00e9mszerkezetek gy\u00e1rt\u00e1s\u00e1t.<br \/>\nLegnagyobb tapasztalatunk forg\u00f3 g\u00e9palkatr\u00e9szek, \u0151rl\u0151-z\u00faz\u00f3 dar\u00e1l\u00f3 rotorok gy\u00e1rt\u00e1s\u00e1ban van, melyek lehetnek ak\u00e1r nagy m\u00e9ret\u0171ek is.<br \/>\nAc\u00e9lszerkezetek gy\u00e1rt\u00e1s\u00e1t, hegeszt\u00e9st, egyszer\u0171bb forg\u00e1csol\u00e1st, f\u00e9mtiszt\u00edt\u00e1st is v\u00e1llalunk. Keressen meg minket, mondja el, hogy mire van sz\u00fcks\u00e9ge!<\/p>\n\n\n<p><br \/>Eszk\u00f6zeink:<\/p>\n\n\n\n<p>1. Hagyom\u00e1nyos esztergapadok:<\/p>\n\n\n\n<p>EAN-340&#215;1000 kiseszterga<\/p>\n\n\n\n<p>1M63 670&#215;2800 eszterga<\/p>\n\n\n\n<p>SNA 710\/3000 eszterga<\/p>\n\n\n\n<p>A g\u00e9pek 710mm maxim\u00e1lis \u00e1tm\u00e9r\u0151ig,\n3000 mm maxim\u00e1lis hosszig haszn\u00e1lhat\u00f3k, 2 tonna a maxim\u00e1lis munkadarab t\u00f6meg.\nEls\u0151sorban kis sz\u00e9ri\u00e1s nagy m\u00e9ret\u0171 alkatr\u00e9szek forg\u00e1csol\u00e1s\u00e1hoz alkalmasak a\ng\u00e9peink.<\/p>\n\n\n\n<figure class=\"wp-block-image size-large\"><img decoding=\"async\" src=\"https:\/\/kiegyensulyoz.hu\/kiegyensulyozas\/wp-content\/uploads\/2020\/03\/rotor eszterg\u00e1l\u00e1s-berben.jpg\" alt=\"\" class=\"wp-image-425\"\/><figcaption class=\"wp-element-caption\">Rotor eszterg\u00e1l\u00e1sa a gy\u00e1rt\u00e1s sor\u00e1n<\/figcaption><\/figure>\n\n\n\n<p>2. Hegeszt\u0151 g\u00e9pek<\/p>\n\n\n\n<p>\n\n\n\n<\/p><p><\/p>\n\n\n\n<p>\n\n\n<\/p><p><!-- \/wp:post-content --><\/p>\n<p><!-- wp:paragraph --><\/p>\n<p><!-- wp:paragraph --><\/p>\n<p><!-- \/wp:paragraph --><\/p>\n<p><!-- wp:paragraph --><\/p>\n<p><!-- wp:paragraph --><\/p>\n<p><!-- \/wp:paragraph --><\/p>\n<p><!-- wp:paragraph --><\/p>\n<p><!-- \/wp:paragraph --><\/p>\n<p><!-- \/wp:paragraph --><\/p>\n<p><!-- wp:paragraph --><\/p>\n<p><!-- wp:paragraph --><\/p>\n<p><!-- \/wp:paragraph --><\/p>\n<p><!-- wp:paragraph --><\/p>\n<p>AOTAI gy\u00e1rtm\u00e1ny\u00fa v\u00edzh\u0171t\u00e9ses,<br \/>impulzus \u00fczemre is alkalmas nagy \u00e1ram\u00fa (350 A \u00e9s 560A) MIG (fogy\u00f3elektr\u00f3d\u00e1s<br \/>v\u00e9d\u0151g\u00e1zas \u00edvhegeszt\u00e9s \u201eCO\u201d) hegeszt\u0151 g\u00e9peink vannak elsz\u00edv\u00f3val. Vastag anyagok<br \/>hegeszt\u00e9s\u00e9re is alkalmasak, t\u00f6bbsoros, nagy varrat tisztas\u00e1g\u00fa varratok<br \/>k\u00e9sz\u00edthet\u0151k minim\u00e1lis fr\u00f6csk\u00f6l\u00e9ssel. A rendelkez\u00e9sre \u00e1ll\u00f3 daruval a hegesztett<br \/>szerkezet \u00e1tford\u00edthat\u00f3, forgat\u00f3 eszk\u00f6zeinkkel prec\u00edz k\u00f6rvarratokat tudunk<br \/>csin\u00e1lni.<\/p>\n<p><!-- \/wp:paragraph --><\/p>\n<p><!-- wp:paragraph --><\/p>\n<p><!-- \/wp:paragraph --><\/p>\n<p><!-- \/wp:paragraph --><\/p>\n<p><!-- wp:paragraph --><\/p>\n<p><!-- wp:paragraph --><\/p>\n<p><!-- \/wp:paragraph --><\/p>\n<p><!-- wp:paragraph --><\/p>\n<p><!-- \/wp:paragraph --><\/p>\n<p><!-- \/wp:paragraph --><\/p>\n<p><!-- wp:paragraph --><\/p>\n<p><!-- \/wp:paragraph --><\/p>\n<p><!-- \/wp:paragraph --><\/p>\n<p><!-- wp:paragraph --><\/p>\n<p><!-- wp:paragraph --><\/p>\n<p><!-- \/wp:paragraph --><\/p>\n<p><!-- wp:paragraph --><\/p>\n<p><!-- wp:paragraph --><\/p>\n<p><!-- \/wp:paragraph --><\/p>\n<p><!-- wp:paragraph --><\/p>\n<p><!-- \/wp:paragraph --><\/p>\n<p><!-- \/wp:paragraph --><\/p>\n<p><!-- wp:paragraph --><\/p>\n<p><!-- wp:paragraph --><\/p>\n<p><!-- \/wp:paragraph --><\/p>\n<p><!-- wp:paragraph --><\/p>\n<p>3. Kiegyens\u00falyoz\u00f3 g\u00e9pek 20 gramm<br \/>forg\u00f3r\u00e9sz t\u00f6megt\u0151l 10 tonn\u00e1ig, \u00f6sszesen 7 db.<\/p>\n<p><!-- \/wp:paragraph --><\/p>\n<p><!-- wp:paragraph --><\/p>\n<p><!-- \/wp:paragraph --><\/p>\n<p><!-- \/wp:paragraph --><\/p>\n<p><!-- wp:paragraph --><\/p>\n<p><!-- wp:paragraph --><\/p>\n<p><!-- \/wp:paragraph --><\/p>\n<p><!-- wp:paragraph --><\/p>\n<p><!-- \/wp:paragraph --><\/p>\n<p><!-- \/wp:paragraph --><\/p>\n<p><!-- wp:paragraph --><\/p>\n<p><!-- \/wp:paragraph --><\/p>\n<p><!-- \/wp:paragraph --><\/p>\n<p><!-- wp:paragraph --><\/p>\n<p><!-- wp:paragraph --><\/p>\n<p><!-- \/wp:paragraph --><\/p>\n<p><!-- wp:paragraph --><\/p>\n<p><!-- wp:paragraph --><\/p>\n<p><!-- \/wp:paragraph --><\/p>\n<p><!-- wp:paragraph --><\/p>\n<p><!-- \/wp:paragraph --><\/p>\n<p><!-- \/wp:paragraph --><\/p>\n<p><!-- wp:paragraph --><\/p>\n<p><!-- wp:paragraph --><\/p>\n<p><!-- \/wp:paragraph --><\/p>\n<p><!-- wp:paragraph --><\/p>\n<p>Minden m\u00e9rethez megfelel\u0151, kard\u00e1n\u2013\u00e9s sz\u00edjhajt\u00e1s\u00fa kivitel\u0171 kiegyens\u00falyoz\u00f3 g\u00e9p\u00fcnk van. Ez a ter\u00fclet az er\u0151ss\u00e9g\u00fcnk, \u00e9vi sok ezer k\u00fcl\u00f6nf\u00e9le forg\u00f3 g\u00e9palkatr\u00e9sz kiegyens\u00falyoz\u00e1s\u00e1t v\u00e9gezz\u00fck. Ezek r\u00e9szben k\u00fcls\u0151s c\u00e9gek \u00e1ltal gy\u00e1rtott \u00faj forg\u00f3r\u00e9szek, r\u00e9szben megjav\u00edtott, fel\u00faj\u00edtott darabok.<\/p>\n<p><!-- \/wp:paragraph --><\/p>\n<p><!-- wp:paragraph --><\/p>\n<p><!-- \/wp:paragraph --><\/p>\n<p><!-- \/wp:paragraph --><\/p>\n<p><!-- wp:paragraph --><\/p>\n<p><!-- wp:paragraph --><\/p>\n<p><!-- \/wp:paragraph --><\/p>\n<p><!-- wp:paragraph --><\/p>\n<p>A kiegyens\u00falyoz\u00e1st legink\u00e1bb nagy fordulatsz\u00e1mon m\u0171k\u00f6d\u0151, nem t\u00fal pontos gy\u00e1rt\u00e1si technol\u00f3gi\u00e1val (hajl\u00edt\u00e1s, hegeszt\u00e9s, \u00f6nt\u00e9s stb.) k\u00e9sz\u00fclt forg\u00f3 g\u00e9pr\u00e9szek ig\u00e9nylik. Kiegyens\u00falyoz\u00e1s ut\u00e1n kisebb lesz a g\u00e9p rezg\u00e9se, kultur\u00e1lt lesz a j\u00e1r\u00e1sa, n\u0151 az \u00e9lettartama. Sok esetben csak kiegyens\u00falyoz\u00e1s ut\u00e1n v\u00e1lik egy forg\u00f3 alkatr\u00e9sz haszn\u00e1lhat\u00f3v\u00e1. A kiegyens\u00falyoz\u00e1s sz\u00fcks\u00e9gess\u00e9g\u00e9t \u00e9s pontoss\u00e1g\u00e1t a tervez\u0151 szokta el\u0151\u00edrni. Leggyakrabban az ISO 1940\/1 szabv\u00e1ny alapj\u00e1n t\u00f6rt\u00e9nik egy oszt\u00e1lyba sorol\u00e1s, melyet G (ritk\u00e1bban Q) jellel \u00e9s az oszt\u00e1lyt sz\u00e1mmal megadva. Nem mindenki hisz a kiegyens\u00falyoz\u00e1sban, van aki \u00fari huncuts\u00e1gnak tartja.<\/p>\n<p><!-- \/wp:paragraph --><\/p>\n<p><!-- wp:paragraph --><\/p>\n<p><!-- \/wp:paragraph --><\/p>\n<p><!-- \/wp:paragraph --><\/p>\n<p><!-- wp:paragraph --><\/p>\n<p><!-- wp:paragraph --><\/p>\n<p><!-- \/wp:paragraph --><\/p>\n<p><!-- wp:paragraph --><\/p>\n<p><!-- \/wp:paragraph --><\/p>\n<p><!-- \/wp:paragraph --><\/p>\n<p><!-- wp:paragraph --><\/p>\n<p><!-- \/wp:paragraph --><\/p>\n<p><!-- \/wp:paragraph --><\/p>\n<p><!-- wp:paragraph --><\/p>\n<p><!-- wp:paragraph --><\/p>\n<p><!-- \/wp:paragraph --><\/p>\n<p><!-- wp:paragraph --><\/p>\n<p><!-- wp:image {\"id\":467,\"sizeSlug\":\"large\"} --><\/p>\n<p><!-- \/wp:image --><\/p>\n<p><!-- wp:paragraph --><\/p>\n<p><!-- \/wp:paragraph --><\/p>\n<p><!-- \/wp:paragraph --><\/p>\n<p><!-- wp:paragraph --><\/p>\n<p><!-- wp:image {\"id\":467,\"className\":\"wp-block-image size-large\"} --><\/p>\n<p><!-- \/wp:image --><\/p>\n<p><!-- wp:image {\"id\":467,\"className\":\"wp-block-image size-large\"} --><\/p>\n<figure class=\"wp-block-image size-large\"><img loading=\"lazy\" decoding=\"async\" width=\"900\" height=\"600\" class=\"wp-image-467\" src=\"https:\/\/kiegyensulyoz.hu\/kiegyensulyozas\/wp-content\/uploads\/2020\/03\/hegesztes_ipari_hegesztogeppel-1.jpg\" alt=\"\" srcset=\"https:\/\/kiegyensulyoz.hu\/kiegyensulyozas\/wp-content\/uploads\/2020\/03\/hegesztes_ipari_hegesztogeppel-1.jpg 900w, https:\/\/kiegyensulyoz.hu\/kiegyensulyozas\/wp-content\/uploads\/2020\/03\/hegesztes_ipari_hegesztogeppel-1-300x200.jpg 300w, https:\/\/kiegyensulyoz.hu\/kiegyensulyozas\/wp-content\/uploads\/2020\/03\/hegesztes_ipari_hegesztogeppel-1-768x512.jpg 768w, https:\/\/kiegyensulyoz.hu\/kiegyensulyozas\/wp-content\/uploads\/2020\/03\/hegesztes_ipari_hegesztogeppel-1-624x416.jpg 624w\" sizes=\"auto, (max-width: 900px) 100vw, 900px\" \/>\n<figcaption class=\"wp-element-caption\">Hegeszt\u00e9si munk\u00e1kat is v\u00e1llalunk<\/figcaption>\n<\/figure>\n<p><!-- \/wp:image --><\/p>\n<p><!-- wp:paragraph --><\/p>\n<p><!-- \/wp:paragraph --><\/p>\n<p><!-- \/wp:paragraph --><\/p>\n<p><!-- wp:paragraph --><\/p>\n<p><!-- wp:paragraph --><\/p>\n<p><!-- \/wp:paragraph --><\/p>\n<p><!-- wp:paragraph --><\/p>\n<p><!-- \/wp:paragraph --><\/p>\n<p><!-- \/wp:paragraph --><\/p>\n<p><!-- wp:paragraph --><\/p>\n<p><!-- \/wp:paragraph --><\/p>\n<p><!-- \/wp:paragraph --><\/p>\n<p><!-- wp:paragraph --><\/p>\n<p><!-- wp:paragraph --><\/p>\n<p><!-- \/wp:paragraph --><\/p>\n<p><!-- wp:paragraph --><\/p>\n<p><!-- wp:paragraph --><\/p>\n<p><!-- \/wp:paragraph --><\/p>\n<p><!-- wp:paragraph --><\/p>\n<p><!-- \/wp:paragraph --><\/p>\n<p><!-- \/wp:paragraph --><\/p>\n<p><!-- wp:paragraph --><\/p>\n<p><!-- wp:paragraph --><\/p>\n<p><!-- \/wp:paragraph --><\/p>\n<p><!-- wp:paragraph --><\/p>\n<p>4. Bomar 250&#215;320 G szalagf\u0171r\u00e9sz.<\/p>\n<p><!-- \/wp:paragraph --><\/p>\n<p><!-- wp:paragraph --><\/p>\n<p><!-- \/wp:paragraph --><\/p>\n<p><!-- \/wp:paragraph --><\/p>\n<p><!-- wp:paragraph --><\/p>\n<p><!-- wp:paragraph --><\/p>\n<p><!-- \/wp:paragraph --><\/p>\n<p><!-- wp:paragraph --><\/p>\n<p><!-- \/wp:paragraph --><\/p>\n<p><!-- \/wp:paragraph --><\/p>\n<p><!-- wp:paragraph --><\/p>\n<p><!-- \/wp:paragraph --><\/p>\n<p><!-- \/wp:paragraph --><\/p>\n<p><!-- wp:paragraph --><\/p>\n<p><!-- wp:paragraph --><\/p>\n<p><!-- \/wp:paragraph --><\/p>\n<p><!-- wp:paragraph --><\/p>\n<p><!-- wp:paragraph --><\/p>\n<p><!-- \/wp:paragraph --><\/p>\n<p><!-- wp:paragraph --><\/p>\n<p><!-- \/wp:paragraph --><\/p>\n<p><!-- \/wp:paragraph --><\/p>\n<p><!-- wp:paragraph --><\/p>\n<p><!-- wp:paragraph --><\/p>\n<p><!-- \/wp:paragraph --><\/p>\n<p><!-- wp:paragraph --><\/p>\n<p>A g\u00e9p szerkezeti ac\u00e9lok \u00e9s m\u00e1s<br \/>f\u00e9mek hat\u00e9kony darabol\u00e1s\u00e1ra haszn\u00e1lhat\u00f3. 250 mm \u00e1tm\u00e9r\u0151j\u0171 k\u00f6r szelv\u00e9ny\u0171 anyag<br \/>vagy 250&#215;320 mm-es keresztmetszetbe belef\u00e9r\u0151 m\u00e1s profil\u00fa (pl. U, I, L profil\u00fa<br \/>stb.) anyagok m\u00e9retre v\u00e1g\u00e1s\u00e1ra haszn\u00e1lhat\u00f3 2 v\u00e1g\u00e1si sebess\u00e9ggel.<\/p>\n<p><!-- \/wp:paragraph --><\/p>\n<p><!-- wp:paragraph --><\/p>\n<p><!-- \/wp:paragraph --><\/p>\n<p><!-- \/wp:paragraph --><\/p>\n<p><!-- wp:paragraph --><\/p>\n<p><!-- wp:paragraph --><\/p>\n<p><!-- \/wp:paragraph --><\/p>\n<p><!-- wp:paragraph --><\/p>\n<p><!-- \/wp:paragraph --><\/p>\n<p><!-- \/wp:paragraph --><\/p>\n<p><!-- wp:paragraph --><\/p>\n<p><!-- \/wp:paragraph --><\/p>\n<p><!-- \/wp:paragraph --><\/p>\n<p><!-- wp:paragraph --><\/p>\n<p><!-- wp:paragraph --><\/p>\n<p><!-- \/wp:paragraph --><\/p>\n<p><!-- wp:paragraph --><\/p>\n<p><!-- wp:paragraph --><\/p>\n<p><!-- \/wp:paragraph --><\/p>\n<p><!-- wp:paragraph --><\/p>\n<p><!-- \/wp:paragraph --><\/p>\n<p><!-- \/wp:paragraph --><\/p>\n<p><!-- wp:paragraph --><\/p>\n<p><!-- wp:paragraph --><\/p>\n<p><!-- \/wp:paragraph --><\/p>\n<p><!-- wp:paragraph --><\/p>\n<p>5. Goly\u00f3spr\u00e9s<\/p>\n<p><!-- \/wp:paragraph --><\/p>\n<p><!-- wp:paragraph --><\/p>\n<p><!-- \/wp:paragraph --><\/p>\n<p><!-- \/wp:paragraph --><\/p>\n<p><!-- wp:paragraph --><\/p>\n<p><!-- wp:paragraph --><\/p>\n<p><!-- \/wp:paragraph --><\/p>\n<p><!-- wp:paragraph --><\/p>\n<p><!-- \/wp:paragraph --><\/p>\n<p><!-- \/wp:paragraph --><\/p>\n<p><!-- wp:paragraph --><\/p>\n<p><!-- \/wp:paragraph --><\/p>\n<p><!-- \/wp:paragraph --><\/p>\n<p><!-- wp:paragraph --><\/p>\n<p><!-- wp:paragraph --><\/p>\n<p><!-- \/wp:paragraph --><\/p>\n<p><!-- wp:paragraph --><\/p>\n<p><!-- wp:paragraph --><\/p>\n<p><!-- \/wp:paragraph --><\/p>\n<p><!-- wp:paragraph --><\/p>\n<p><!-- \/wp:paragraph --><\/p>\n<p><!-- \/wp:paragraph --><\/p>\n<p><!-- wp:paragraph --><\/p>\n<p><!-- wp:paragraph --><\/p>\n<p><!-- \/wp:paragraph --><\/p>\n<p><!-- wp:paragraph --><\/p>\n<p>Csap\u00e1gyak szakszer\u0171 szerel\u00e9s\u00e9hez,<br \/>szoros illeszt\u00e9s\u0171 alkatr\u00e9szek \u00f6ssze-vagy sz\u00e9tnyom\u00e1s\u00e1ra haszn\u00e1lhat\u00f3 2-3 tonn\u00e1s<br \/>nyom\u00f3er\u0151ig.<\/p>\n<p><!-- \/wp:paragraph --><\/p>\n<p><!-- wp:paragraph --><\/p>\n<p><!-- \/wp:paragraph --><\/p>\n<p><!-- \/wp:paragraph --><\/p>\n<p><!-- wp:paragraph --><\/p>\n<p><!-- wp:paragraph --><\/p>\n<p><!-- \/wp:paragraph --><\/p>\n<p><!-- wp:paragraph --><\/p>\n<p><!-- \/wp:paragraph --><\/p>\n<p><!-- \/wp:paragraph --><\/p>\n<p><!-- wp:paragraph --><\/p>\n<p><!-- \/wp:paragraph --><\/p>\n<p><!-- \/wp:paragraph --><\/p>\n<p><!-- wp:paragraph --><\/p>\n<p><!-- wp:paragraph --><\/p>\n<p><!-- \/wp:paragraph --><\/p>\n<p><!-- wp:paragraph --><\/p>\n<p><!-- wp:paragraph --><\/p>\n<p><!-- \/wp:paragraph --><\/p>\n<p><!-- wp:paragraph --><\/p>\n<p><!-- \/wp:paragraph --><\/p>\n<p><!-- \/wp:paragraph --><\/p>\n<p><!-- wp:paragraph --><\/p>\n<p><!-- wp:paragraph --><\/p>\n<p><!-- \/wp:paragraph --><\/p>\n<p><!-- wp:paragraph --><\/p>\n<p>6. H\u0151kezel\u0151 kemence<\/p>\n<p><!-- \/wp:paragraph --><\/p>\n<p><!-- wp:paragraph --><\/p>\n<p><!-- \/wp:paragraph --><\/p>\n<p><!-- \/wp:paragraph --><\/p>\n<p><!-- wp:paragraph --><\/p>\n<p><!-- wp:paragraph --><\/p>\n<p><!-- \/wp:paragraph --><\/p>\n<p><!-- wp:paragraph --><\/p>\n<p><!-- \/wp:paragraph --><\/p>\n<p><!-- \/wp:paragraph --><\/p>\n<p><!-- wp:paragraph --><\/p>\n<p><!-- \/wp:paragraph --><\/p>\n<p><!-- \/wp:paragraph --><\/p>\n<p><!-- wp:paragraph --><\/p>\n<p><!-- wp:paragraph --><\/p>\n<p><!-- \/wp:paragraph --><\/p>\n<p><!-- wp:paragraph --><\/p>\n<p><!-- wp:paragraph --><\/p>\n<p><!-- \/wp:paragraph --><\/p>\n<p><!-- wp:paragraph --><\/p>\n<p><!-- \/wp:paragraph --><\/p>\n<p><!-- \/wp:paragraph --><\/p>\n<p><!-- wp:paragraph --><\/p>\n<p><!-- wp:paragraph --><\/p>\n<p><!-- \/wp:paragraph --><\/p>\n<p><!-- wp:paragraph --><\/p>\n<p>Zsugork\u00f6t\u00e9s\u0171 alkatr\u00e9szek<br \/>meleg\u00edt\u00e9s\u00e9re, barn\u00edt\u00e1sra, l\u00e1gy\u00edt\u00e1sra, ritk\u00e1n edz\u00e9sre haszn\u00e1ljuk. Nem a<br \/>h\u0151kezel\u00e9s a f\u0151 profilunk, de \u00f6sszetett feladatokn\u00e1l sokszor j\u00f3l j\u00f6n egy<br \/>kemence.<\/p>\n<p><!-- \/wp:paragraph --><\/p>\n<p><!-- wp:paragraph --><\/p>\n<p><!-- \/wp:paragraph --><\/p>\n<p><!-- \/wp:paragraph --><\/p>\n<p><!-- wp:paragraph --><\/p>\n<p><!-- wp:paragraph --><\/p>\n<p><!-- \/wp:paragraph --><\/p>\n<p><!-- wp:paragraph --><\/p>\n<p><!-- \/wp:paragraph --><\/p>\n<p><!-- \/wp:paragraph --><\/p>\n<p><!-- wp:paragraph --><\/p>\n<p><!-- \/wp:paragraph --><\/p>\n<p><!-- \/wp:paragraph --><\/p>\n<p><!-- wp:paragraph --><\/p>\n<p><!-- wp:paragraph --><\/p>\n<p><!-- \/wp:paragraph --><\/p>\n<p><!-- wp:paragraph --><\/p>\n<p><!-- wp:paragraph --><\/p>\n<p><!-- \/wp:paragraph --><\/p>\n<p><!-- wp:paragraph --><\/p>\n<p><!-- \/wp:paragraph --><\/p>\n<p><!-- \/wp:paragraph --><\/p>\n<p><!-- wp:paragraph --><\/p>\n<p><!-- wp:paragraph --><\/p>\n<p><!-- \/wp:paragraph --><\/p>\n<p><!-- wp:paragraph --><\/p>\n<p>7. Emel\u0151 eszk\u00f6z\u00f6k<\/p>\n<p><!-- \/wp:paragraph --><\/p>\n<p><!-- wp:paragraph --><\/p>\n<p><!-- \/wp:paragraph --><\/p>\n<p><!-- \/wp:paragraph --><\/p>\n<p><!-- wp:paragraph --><\/p>\n<p><!-- wp:paragraph --><\/p>\n<p><!-- \/wp:paragraph --><\/p>\n<p><!-- wp:paragraph --><\/p>\n<p><!-- \/wp:paragraph --><\/p>\n<p><!-- \/wp:paragraph --><\/p>\n<p><!-- wp:paragraph --><\/p>\n<p><!-- \/wp:paragraph --><\/p>\n<p><!-- \/wp:paragraph --><\/p>\n<p><!-- wp:paragraph --><\/p>\n<p><!-- wp:paragraph --><\/p>\n<p><!-- \/wp:paragraph --><\/p>\n<p><!-- wp:paragraph --><\/p>\n<p><!-- wp:paragraph --><\/p>\n<p><!-- \/wp:paragraph --><\/p>\n<p><!-- wp:paragraph --><\/p>\n<p><!-- \/wp:paragraph --><\/p>\n<p><!-- \/wp:paragraph --><\/p>\n<p><!-- wp:paragraph --><\/p>\n<p><!-- wp:paragraph --><\/p>\n<p><!-- \/wp:paragraph --><\/p>\n<p><!-- wp:paragraph --><\/p>\n<p>Csarnokunkban 5 tonn\u00e1s \u00faj h\u00edddaru<br \/>m\u0171k\u00f6dik, ezen k\u00edv\u00fcl targonca (1.5 tonn\u00e1s), l\u00e1ncos emel\u0151, k\u00e9zikocsik stb.<\/p>\n<p><!-- \/wp:paragraph --><\/p>\n<p><!-- wp:paragraph --><\/p>\n<p><!-- \/wp:paragraph --><\/p>\n<p><!-- \/wp:paragraph --><\/p>\n<p><!-- wp:paragraph --><\/p>\n<p><!-- wp:paragraph --><\/p>\n<p><!-- \/wp:paragraph --><\/p>\n<p><!-- wp:paragraph --><\/p>\n<p><!-- \/wp:paragraph --><\/p>\n<p><!-- \/wp:paragraph --><\/p>\n<p><!-- wp:paragraph --><\/p>\n<p><!-- \/wp:paragraph --><\/p>\n<p><!-- \/wp:paragraph --><\/p>\n<p><!-- wp:paragraph --><\/p>\n<p><!-- wp:paragraph --><\/p>\n<p><!-- \/wp:paragraph --><\/p>\n<p><!-- wp:paragraph --><\/p>\n<p><!-- wp:paragraph --><\/p>\n<p><!-- \/wp:paragraph --><\/p>\n<p><!-- wp:paragraph --><\/p>\n<p><!-- \/wp:paragraph --><\/p>\n<p><!-- \/wp:paragraph --><\/p>\n<p><!-- wp:paragraph --><\/p>\n<p><!-- wp:paragraph --><\/p>\n<p><!-- \/wp:paragraph --><\/p>\n<p><!-- wp:paragraph --><\/p>\n<p>8. Szalag csiszol\u00f3, k\u00e9zi<br \/>szersz\u00e1mg\u00e9pek, kisebb oszlopos f\u00far\u00f3g\u00e9p stb.<\/p>\n<p><!-- \/wp:paragraph --><\/p>\n<p><!-- wp:paragraph --><\/p>\n<p><!-- \/wp:paragraph --><\/p>\n<p><!-- \/wp:paragraph --><\/p>\n<p><!-- wp:paragraph --><\/p>\n<p><!-- wp:paragraph --><\/p>\n<p><!-- \/wp:paragraph --><\/p>\n<p><!-- wp:paragraph --><\/p>\n<p><!-- \/wp:paragraph --><\/p>\n<p><!-- \/wp:paragraph --><\/p>\n<p><!-- wp:paragraph --><\/p>\n<p><!-- \/wp:paragraph --><\/p>\n<p><!-- \/wp:paragraph --><\/p>\n<p><!-- wp:paragraph --><\/p>\n<p><!-- wp:paragraph --><\/p>\n<p><!-- \/wp:paragraph --><\/p>\n<p><!-- wp:paragraph --><\/p>\n<p><!-- wp:paragraph --><\/p>\n<p><!-- \/wp:paragraph --><\/p>\n<p><!-- wp:paragraph --><\/p>\n<p><!-- \/wp:paragraph --><\/p>\n<p><!-- \/wp:paragraph --><\/p>\n<p><!-- wp:paragraph --><\/p>\n<p><!-- wp:paragraph --><\/p>\n<p><!-- \/wp:paragraph --><\/p>\n<p><!-- wp:paragraph --><\/p>\n<p>Szakember g\u00e1rd\u00e1nk: a\u00a0c\u00e9g jelenleg 3 f\u0151\u00e1ll\u00e1s\u00fa\u00a0alkalmazottat foglalkoztat. T\u00f6bbek k\u00f6z\u00f6tt:<br \/><!-- wp:paragraph -->-1 f\u0151 p\u00e1ly\u00e1r\u00f3l n\u00e9mileg lesodr\u00f3dott\u00a0villamosm\u00e9rn\u00f6k<br \/><!-- wp:paragraph -->-1 f\u0151 g\u00e9p\u00e9sztechnikus,\u00a0kiegyens\u00falyoz\u00f3 specialista<br \/><!-- wp:paragraph -->-1 f\u0151 adminisztr\u00e1tor<br \/><!-- wp:paragraph -->-Vannak m\u00e9g nyugd\u00edjas (g\u00e9p\u00e9szm\u00e9rn\u00f6k, b\u00e1dogos, lakatos) \u00e9s beugr\u00f3s dolgoz\u00f3ink is.<\/p>\n<p><!-- \/wp:paragraph --><\/p>\n<p><!-- wp:paragraph --><\/p>\n<p><!-- \/wp:paragraph --><\/p>\n<p><!-- \/wp:paragraph --><\/p>\n<p><!-- wp:paragraph --><\/p>\n<p><!-- wp:paragraph --><\/p>\n<p><!-- \/wp:paragraph --><\/p>\n<p><!-- wp:paragraph --><\/p>\n<p><!-- \/wp:paragraph --><\/p>\n<p><!-- \/wp:paragraph --><\/p>\n<p><!-- wp:paragraph --><\/p>\n<p><!-- \/wp:paragraph --><\/p>\n<p><!-- \/wp:paragraph --><\/p>\n<p><!-- wp:paragraph --><\/p>\n<p><!-- wp:paragraph --><\/p>\n<p><!-- \/wp:paragraph --><\/p>\n<p><!-- wp:paragraph --><\/p>\n<p><!-- wp:paragraph --><\/p>\n<p><!-- \/wp:paragraph --><\/p>\n<p><!-- wp:paragraph --><\/p>\n<p><!-- \/wp:paragraph --><\/p>\n<p><!-- \/wp:paragraph --><\/p>\n<p><!-- wp:paragraph --><\/p>\n<p><!-- wp:paragraph --><\/p>\n<p><!-- \/wp:paragraph --><\/p>\n<p><!-- wp:paragraph --><\/p>\n<p><!-- \/wp:paragraph --><\/p>\n<p><!-- wp:paragraph --><\/p>\n<p><!-- \/wp:paragraph --><\/p>\n<p><!-- \/wp:paragraph --><\/p>\n<p><!-- wp:paragraph --><\/p>\n<p><!-- wp:paragraph --><\/p>\n<p><!-- \/wp:paragraph --><\/p>\n<p><!-- wp:paragraph --><\/p>\n<p><!-- \/wp:paragraph --><\/p>\n<p><!-- \/wp:paragraph --><\/p>\n<p><!-- wp:paragraph --><\/p>\n<p><!-- \/wp:paragraph --><\/p>\n<p><!-- \/wp:paragraph --><\/p>\n<p><!-- wp:paragraph --><\/p>\n<p><!-- wp:paragraph --><\/p>\n<p><!-- \/wp:paragraph --><\/p>\n<p><!-- wp:paragraph --><\/p>\n<p><!-- wp:paragraph --><\/p>\n<p><!-- \/wp:paragraph --><\/p>\n<p><!-- wp:paragraph --><\/p>\n<p><!-- \/wp:paragraph --><\/p>\n<p><!-- \/wp:paragraph --><\/p>\n<p><!-- wp:paragraph --><\/p>\n<p><!-- \/wp:paragraph --><\/p>\n<p><!-- wp:paragraph --><\/p>\n<p><!-- \/wp:paragraph --><\/p>\n<p><!-- \/wp:paragraph --><\/p>\n<p><!-- wp:paragraph --><\/p>\n<p><!-- wp:paragraph --><\/p>\n<p><!-- \/wp:paragraph --><\/p>\n<p><!-- wp:paragraph --><\/p>\n<p><!-- \/wp:paragraph --><\/p>\n<p><!-- \/wp:paragraph --><\/p>\n<p><!-- wp:paragraph --><\/p>\n<p><!-- \/wp:paragraph --><\/p>\n<p><!-- \/wp:paragraph --><\/p>\n<p><!-- wp:paragraph --><\/p>\n<p><!-- wp:paragraph --><\/p>\n<p><!-- \/wp:paragraph --><\/p>\n<p><!-- wp:paragraph --><\/p>\n<p><!-- wp:paragraph --><\/p>\n<p><!-- \/wp:paragraph --><\/p>\n<p><!-- wp:paragraph --><\/p>\n<p><!-- \/wp:paragraph --><\/p>\n<p><!-- \/wp:paragraph --><\/p>\n<p><!-- wp:paragraph --><\/p>\n<p><!-- \/wp:paragraph --><\/p>\n<p><!-- wp:paragraph --><\/p>\n<p><!-- \/wp:paragraph --><\/p>\n<p><!-- \/wp:paragraph --><\/p>\n<p><!-- wp:paragraph --><\/p>\n<p><!-- wp:paragraph --><\/p>\n<p><!-- \/wp:paragraph --><\/p>\n<p><!-- wp:paragraph --><\/p>\n<p><!-- \/wp:paragraph --><\/p>\n<p><!-- \/wp:paragraph --><\/p>\n<p><!-- wp:paragraph --><\/p>\n<p><!-- \/wp:paragraph --><\/p>\n<p><!-- \/wp:paragraph --><\/p>\n<p><!-- wp:paragraph --><\/p>\n<p><!-- wp:paragraph --><\/p>\n<p><!-- \/wp:paragraph --><\/p>\n<p><!-- wp:paragraph --><\/p>\n<p><!-- wp:paragraph --><\/p>\n<p><!-- \/wp:paragraph --><\/p>\n<p><!-- wp:paragraph --><\/p>\n<p><!-- \/wp:paragraph --><\/p>\n<p><!-- \/wp:paragraph --><\/p>\n<p><!-- wp:paragraph --><\/p>\n<p><!-- \/wp:paragraph --><\/p>\n<p><!-- wp:paragraph --><\/p>\n<p><!-- \/wp:paragraph --><\/p>\n<p><!-- \/wp:paragraph --><\/p>\n<p><!-- wp:paragraph --><\/p>\n<p><!-- wp:paragraph --><\/p>\n<p><!-- \/wp:paragraph --><\/p>\n<p><!-- wp:paragraph --><\/p>\n<p><!-- \/wp:paragraph --><\/p>\n<p><!-- \/wp:paragraph --><\/p>\n<p><!-- wp:paragraph --><\/p>\n<p><!-- \/wp:paragraph --><\/p>\n<p><!-- \/wp:paragraph --><\/p>\n<p><!-- wp:paragraph --><\/p>\n<p><!-- wp:paragraph --><\/p>\n<p><!-- \/wp:paragraph --><\/p>\n<p><!-- wp:paragraph --><\/p>\n<p><!-- wp:paragraph --><\/p>\n<p><!-- \/wp:paragraph --><\/p>\n<p><!-- wp:paragraph --><\/p>\n<p><!-- \/wp:paragraph --><\/p>\n<p><!-- \/wp:paragraph --><\/p>\n<p><!-- wp:paragraph --><\/p>\n<p><!-- \/wp:paragraph --><\/p>\n<p><!-- wp:paragraph --><\/p>\n<p><!-- \/wp:paragraph --><\/p>\n<p><!-- \/wp:paragraph --><\/p>\n<p><!-- wp:paragraph --><\/p>\n<p><!-- wp:paragraph --><\/p>\n<p><!-- \/wp:paragraph --><\/p>\n<p><!-- wp:paragraph --><\/p>\n<p><!-- \/wp:paragraph --><\/p>\n<p><!-- \/wp:paragraph --><\/p>\n<p><!-- wp:paragraph --><\/p>\n<p><!-- \/wp:paragraph --><\/p>\n<p><!-- \/wp:paragraph --><\/p>\n<p><!-- wp:paragraph --><\/p>\n<p><!-- wp:paragraph --><\/p>\n<p><!-- \/wp:paragraph --><\/p>\n<p><!-- wp:paragraph --><\/p>\n<p><!-- wp:gallery {\"ids\":[441,442,443,444,445,446,447,448,449,450,451,452,453,454,455,456,457,458,459,460,461,462,463,464,465]} --><\/p>\n<p><!-- \/wp:gallery --><\/p>\n<p><!-- wp:paragraph --><\/p>\n<p><!-- \/wp:paragraph --><\/p>\n<p><!-- \/wp:paragraph --><\/p>\n<p><!-- wp:paragraph --><\/p>\n<p><!-- wp:image {\"id\":441,\"className\":\"wp-block-gallery columns-3 is-cropped\"} --><\/p>\n<p><!-- \/wp:image --><\/p>\n<p><!-- wp:image {\"id\":441,\"className\":\"wp-block-image wp-block-gallery columns-3 is-cropped\"} --><\/p>\n<figure class=\"wp-block-image wp-block-gallery columns-3 is-cropped\"><img loading=\"lazy\" decoding=\"async\" width=\"900\" height=\"600\" class=\"wp-image-441\" src=\"https:\/\/kiegyensulyoz.hu\/kiegyensulyozas\/wp-content\/uploads\/2020\/03\/5-tonn\u00e1s-h\u00edddaru-1.jpg\" alt=\"\" srcset=\"https:\/\/kiegyensulyoz.hu\/kiegyensulyozas\/wp-content\/uploads\/2020\/03\/5-tonn\u00e1s-h\u00edddaru-1.jpg 900w, https:\/\/kiegyensulyoz.hu\/kiegyensulyozas\/wp-content\/uploads\/2020\/03\/5-tonn\u00e1s-h\u00edddaru-1-300x200.jpg 300w, https:\/\/kiegyensulyoz.hu\/kiegyensulyozas\/wp-content\/uploads\/2020\/03\/5-tonn\u00e1s-h\u00edddaru-1-768x512.jpg 768w, https:\/\/kiegyensulyoz.hu\/kiegyensulyozas\/wp-content\/uploads\/2020\/03\/5-tonn\u00e1s-h\u00edddaru-1-624x416.jpg 624w\" sizes=\"auto, (max-width: 900px) 100vw, 900px\" \/><\/figure>\n<p><!-- \/wp:image --><\/p>\n<p><!-- wp:paragraph --><\/p>\n<p><!-- \/wp:paragraph --><\/p>\n<p><!-- \/wp:paragraph --><\/p>\n<p><!-- wp:paragraph --><\/p>\n<p><!-- wp:paragraph --><\/p>\n<p><!-- \/wp:paragraph --><\/p>\n<p><!-- wp:paragraph --><\/p>\n<p><!-- \/wp:paragraph --><\/p>\n<p><!-- \/wp:paragraph --><\/p>\n<p><!-- wp:paragraph --><\/p>\n<p><!-- \/wp:paragraph --><\/p>\n<p><!-- \/wp:paragraph --><\/p>","protected":false},"excerpt":{"rendered":"<p>V\u00e1llalkoz\u00e1sunk korl\u00e1tozott kapacit\u00e1ssal f\u00e9mipari munk\u00e1kat v\u00e1llal. Els\u0151sorban egyedi vagy kis sz\u00e9ri\u00e1s, a m\u0171hely\u00fcnk technikai \u00e9s hum\u00e1n k\u00e9pess\u00e9geit meg nem halad\u00f3 f\u00e9mipari gy\u00e1rt\u00e1st, g\u00e9pr\u00e9szek, f\u00e9mszerkezetek gy\u00e1rt\u00e1s\u00e1t. Legnagyobb tapasztalatunk forg\u00f3 g\u00e9palkatr\u00e9szek, \u0151rl\u0151-z\u00faz\u00f3 dar\u00e1l\u00f3 rotorok gy\u00e1rt\u00e1s\u00e1ban van, melyek lehetnek ak\u00e1r nagy m\u00e9ret\u0171ek is. Ac\u00e9lszerkezetek gy\u00e1rt\u00e1s\u00e1t, hegeszt\u00e9st, egyszer\u0171bb forg\u00e1csol\u00e1st, f\u00e9mtiszt\u00edt\u00e1st is v\u00e1llalunk. Keressen meg minket, mondja el, hogy mire [&hellip;]<\/p>\n","protected":false},"author":2,"featured_media":0,"parent":0,"menu_order":0,"comment_status":"closed","ping_status":"closed","template":"","meta":{"footnotes":""},"class_list":["post-393","page","type-page","status-publish","hentry"],"_links":{"self":[{"href":"https:\/\/kiegyensulyoz.hu\/kiegyensulyozas\/wp-json\/wp\/v2\/pages\/393","targetHints":{"allow":["GET"]}}],"collection":[{"href":"https:\/\/kiegyensulyoz.hu\/kiegyensulyozas\/wp-json\/wp\/v2\/pages"}],"about":[{"href":"https:\/\/kiegyensulyoz.hu\/kiegyensulyozas\/wp-json\/wp\/v2\/types\/page"}],"author":[{"embeddable":true,"href":"https:\/\/kiegyensulyoz.hu\/kiegyensulyozas\/wp-json\/wp\/v2\/users\/2"}],"replies":[{"embeddable":true,"href":"https:\/\/kiegyensulyoz.hu\/kiegyensulyozas\/wp-json\/wp\/v2\/comments?post=393"}],"version-history":[{"count":27,"href":"https:\/\/kiegyensulyoz.hu\/kiegyensulyozas\/wp-json\/wp\/v2\/pages\/393\/revisions"}],"predecessor-version":[{"id":647,"href":"https:\/\/kiegyensulyoz.hu\/kiegyensulyozas\/wp-json\/wp\/v2\/pages\/393\/revisions\/647"}],"wp:attachment":[{"href":"https:\/\/kiegyensulyoz.hu\/kiegyensulyozas\/wp-json\/wp\/v2\/media?parent=393"}],"curies":[{"name":"wp","href":"https:\/\/api.w.org\/{rel}","templated":true}]}}